{"id":2,"date":"2014-09-25T07:36:32","date_gmt":"2014-09-25T07:36:32","guid":{"rendered":"http:\/\/www.julianas-ayurveda.de\/?page_id=2"},"modified":"2017-04-12T13:49:55","modified_gmt":"2017-04-12T11:49:55","slug":"beispiel-seite","status":"publish","type":"page","link":"https:\/\/www.julianas-ayurveda.de\/?page_id=2","title":{"rendered":"Ayurveda"},"content":{"rendered":"<h4 style=\"text-align: center;\">Die \u00e4lteste ganzheitliche indische Heilmethode<br \/>\nK\u00f6rper ~ Geist ~ Seele<\/h4>\n<p style=\"text-align: center;\">Ayurvedische Massagen wirken in vielf\u00e4ltiger Weise auf unser Geist-K\u00f6rper-System ein:<br \/>\nSo wird die Ausscheidung von Gift- und Schlackestoffen angeregt, das Immunsystem gest\u00e4rkt,<br \/>\nund alle Gewebe und Organe erfahren eine tiefgreifende Regeneration. Sie haben eine verj\u00fcngende Wirkung auf den gesamten Organismus,<br \/>\nbeleben den Kreislauf und verbessern die Verdauung. Stress wird abgebaut, Ausgeglichenheit und Entspannung werden gef\u00f6rdert.<br \/>\nEine strahlende, reine Haut und die St\u00e4rkung des Bindegewebes sind ebenfalls positive Effekte einer ayurvedischen Massage.<br \/>\nDar\u00fcber hinaus werden Muskelverspannungen auf sanfte Weise gel\u00f6st und traumatische Erlebnisse,<br \/>\ndie sich im Muskel- und Skelettsystem festgesetzt haben, k\u00f6nnen befreit werden. Das gesamte Geist-K\u00f6rper-System erf\u00e4hrt Reinigung und Erneuerung.<\/p>\n<p style=\"text-align: center;\"><img loading=\"lazy\" decoding=\"async\" class=\"size-medium wp-image-161 alignleft\" src=\"http:\/\/www.julianas-ayurveda.de\/wp-content\/uploads\/2014\/09\/Simone_Schuldis_www.neonair.de_-\u00ae_juliana_ayurveda-1715-300x200.jpg\" alt=\"\" width=\"300\" height=\"200\" srcset=\"https:\/\/www.julianas-ayurveda.de\/wp-content\/uploads\/2014\/09\/Simone_Schuldis_www.neonair.de_-\u00ae_juliana_ayurveda-1715-300x200.jpg 300w, https:\/\/www.julianas-ayurveda.de\/wp-content\/uploads\/2014\/09\/Simone_Schuldis_www.neonair.de_-\u00ae_juliana_ayurveda-1715-768x512.jpg 768w, https:\/\/www.julianas-ayurveda.de\/wp-content\/uploads\/2014\/09\/Simone_Schuldis_www.neonair.de_-\u00ae_juliana_ayurveda-1715-1024x683.jpg 1024w\" sizes=\"(max-width: 300px) 100vw, 300px\" \/> <img loading=\"lazy\" decoding=\"async\" class=\"size-medium wp-image-159 alignnone\" src=\"http:\/\/www.julianas-ayurveda.de\/wp-content\/uploads\/2014\/09\/Simone_Schuldis_www.neonair.de_-\u00ae_juliana_ayurveda-1710-300x200.jpg\" alt=\"\" width=\"300\" height=\"200\" srcset=\"https:\/\/www.julianas-ayurveda.de\/wp-content\/uploads\/2014\/09\/Simone_Schuldis_www.neonair.de_-\u00ae_juliana_ayurveda-1710-300x200.jpg 300w, https:\/\/www.julianas-ayurveda.de\/wp-content\/uploads\/2014\/09\/Simone_Schuldis_www.neonair.de_-\u00ae_juliana_ayurveda-1710-768x512.jpg 768w, https:\/\/www.julianas-ayurveda.de\/wp-content\/uploads\/2014\/09\/Simone_Schuldis_www.neonair.de_-\u00ae_juliana_ayurveda-1710-1024x683.jpg 1024w\" sizes=\"(max-width: 300px) 100vw, 300px\" \/> <img loading=\"lazy\" decoding=\"async\" class=\"size-medium wp-image-157 alignright\" src=\"http:\/\/www.julianas-ayurveda.de\/wp-content\/uploads\/2014\/09\/Simone_Schuldis_www.neonair.de_-\u00ae_juliana_ayurveda-1702-300x200.jpg\" alt=\"\" width=\"300\" height=\"200\" srcset=\"https:\/\/www.julianas-ayurveda.de\/wp-content\/uploads\/2014\/09\/Simone_Schuldis_www.neonair.de_-\u00ae_juliana_ayurveda-1702-300x200.jpg 300w, https:\/\/www.julianas-ayurveda.de\/wp-content\/uploads\/2014\/09\/Simone_Schuldis_www.neonair.de_-\u00ae_juliana_ayurveda-1702-768x512.jpg 768w, https:\/\/www.julianas-ayurveda.de\/wp-content\/uploads\/2014\/09\/Simone_Schuldis_www.neonair.de_-\u00ae_juliana_ayurveda-1702-1024x683.jpg 1024w\" sizes=\"(max-width: 300px) 100vw, 300px\" \/><\/p>\n<p style=\"text-align: center;\">\n","protected":false},"excerpt":{"rendered":"<p>Die \u00e4lteste ganzheitliche indische Heilmethode K\u00f6rper ~ Geist ~ Seele Ayurvedische Massagen wirken in vielf\u00e4ltiger Weise auf unser Geist-K\u00f6rper-System ein: So wird die Ausscheidung von Gift- und Schlackestoffen angeregt, das Immunsystem gest\u00e4rkt,<a class=\"moretag\" href=\"https:\/\/www.julianas-ayurveda.de\/?page_id=2\">Read More&#8230;<\/a><\/p>\n","protected":false},"author":1,"featured_media":0,"parent":0,"menu_order":0,"comment_status":"closed","ping_status":"closed","template":"","meta":{"footnotes":""},"aioseo_notices":[],"_links":{"self":[{"href":"https:\/\/www.julianas-ayurveda.de\/index.php?rest_route=\/wp\/v2\/pages\/2"}],"collection":[{"href":"https:\/\/www.julianas-ayurveda.de\/index.php?rest_route=\/wp\/v2\/pages"}],"about":[{"href":"https:\/\/www.julianas-ayurveda.de\/index.php?rest_route=\/wp\/v2\/types\/page"}],"author":[{"embeddable":true,"href":"https:\/\/www.julianas-ayurveda.de\/index.php?rest_route=\/wp\/v2\/users\/1"}],"replies":[{"embeddable":true,"href":"https:\/\/www.julianas-ayurveda.de\/index.php?rest_route=%2Fwp%2Fv2%2Fcomments&post=2"}],"version-history":[{"count":19,"href":"https:\/\/www.julianas-ayurveda.de\/index.php?rest_route=\/wp\/v2\/pages\/2\/revisions"}],"predecessor-version":[{"id":200,"href":"https:\/\/www.julianas-ayurveda.de\/index.php?rest_route=\/wp\/v2\/pages\/2\/revisions\/200"}],"wp:attachment":[{"href":"https:\/\/www.julianas-ayurveda.de\/index.php?rest_route=%2Fwp%2Fv2%2Fmedia&parent=2"}],"curies":[{"name":"wp","href":"https:\/\/api.w.org\/{rel}","templated":true}]}}