{"id":16,"date":"2015-01-28T11:44:21","date_gmt":"2015-01-28T09:44:21","guid":{"rendered":"http:\/\/www.julianas-ayurveda.de\/?page_id=16"},"modified":"2017-04-12T13:27:24","modified_gmt":"2017-04-12T11:27:24","slug":"entspannung","status":"publish","type":"page","link":"https:\/\/www.julianas-ayurveda.de\/?page_id=16","title":{"rendered":"Philosophie"},"content":{"rendered":"<p>Ayurveda ist die Kunst gesund zu leben und sanft zu heilen. Der Name stammt aus dem \u00a0Sanskrit und setzt sich zusammen aus \u201eayus\u201c (Leben-Kombination von K\u00f6rper, Geist und Seele) und \u201eveda\u201c (Wissen vom Leben und damit das Bewusstsein \u00fcber die Beschaffenheit K\u00f6rpers und der Psyche). Unsere Seele erm\u00f6glicht uns z.B., dass wir das Leben in Liebe und Freude gestalten k\u00f6nnen.<\/p>\n<p><strong><u>Ayurveda im Vergleich<\/u><\/strong> zur modernen Medizin (prim\u00e4r Heilkunde), wird \u00a0in drei Bereichen angewendet:<\/p>\n<p>Gesundheitsvorsorge mit Richtlinien zu unserer Ern\u00e4hrungs- und Lebensweise sowie Massage als Beitrag zur Vorbeugung von Krankheiten.<\/p>\n<p>Ayurveda geht als Lebensphilosophie auf das individuelle Leben ein und\u00a0unterst\u00fctzt uns in sozialer, emotionaler und seelischer Harmonie.<\/p>\n<p>Ayurveda ist ein ganzheitliches Konzept von Gesundheit, Krankheit und\u00a0umfangreichen Heilmethoden. Die Verbindung zu Wissenschaft und Philosophie ist einmalig und beruht auf einer ausgedehnten klinischen Praxis.<\/p>\n<p>Gem\u00e4\u00df Ayurveda existiert nichts auf der Welt, was nicht in irgendeiner Form medizinisch nutzbar w\u00e4re. Wichtig ist, dass jeder Mensch die Verantwortung f\u00fcr sein Wohlergehen selbst \u00fcbernimmt und sich am Heilungsprozess beteiligt.<\/p>\n<p>So hei\u00dft das Wort f\u00fcr Gesundheit im Ayurveda \u201esvastha\u201c, was so viel bedeutet, wie \u201ebei sich selbst (sva) sein (stha)\u201c. Ayurveda ist von der Weltgesundheitsorganisation (WHO) als traditionelle Heilkunde anerkannt.<\/p>\n<p><strong>Marmapunkte:<\/strong><\/p>\n<p><a href=\"http:\/\/www.julianas-ayurveda.de\/?attachment_id=152\"><img loading=\"lazy\" decoding=\"async\" class=\"alignleft wp-image-152 size-medium\" src=\"http:\/\/www.julianas-ayurveda.de\/wp-content\/uploads\/2015\/01\/ja_marmapunkte_100215_v-300x212.jpg\" alt=\"\" width=\"300\" height=\"212\" srcset=\"https:\/\/www.julianas-ayurveda.de\/wp-content\/uploads\/2015\/01\/ja_marmapunkte_100215_v-300x212.jpg 300w, https:\/\/www.julianas-ayurveda.de\/wp-content\/uploads\/2015\/01\/ja_marmapunkte_100215_v-768x543.jpg 768w, https:\/\/www.julianas-ayurveda.de\/wp-content\/uploads\/2015\/01\/ja_marmapunkte_100215_v-1024x724.jpg 1024w\" sizes=\"(max-width: 300px) 100vw, 300px\" \/><\/a> <a href=\"http:\/\/www.julianas-ayurveda.de\/?attachment_id=153\"><img loading=\"lazy\" decoding=\"async\" class=\"alignleft wp-image-153 size-medium\" src=\"http:\/\/www.julianas-ayurveda.de\/wp-content\/uploads\/2015\/01\/ja_marmapunkte_100215_v-Kopie-300x212.jpg\" alt=\"\" width=\"300\" height=\"212\" srcset=\"https:\/\/www.julianas-ayurveda.de\/wp-content\/uploads\/2015\/01\/ja_marmapunkte_100215_v-Kopie-300x212.jpg 300w, https:\/\/www.julianas-ayurveda.de\/wp-content\/uploads\/2015\/01\/ja_marmapunkte_100215_v-Kopie-768x543.jpg 768w, https:\/\/www.julianas-ayurveda.de\/wp-content\/uploads\/2015\/01\/ja_marmapunkte_100215_v-Kopie-1024x724.jpg 1024w\" sizes=\"(max-width: 300px) 100vw, 300px\" \/><\/a><\/p>\n","protected":false},"excerpt":{"rendered":"<p>Ayurveda ist die Kunst gesund zu leben und sanft zu heilen. Der Name stammt aus dem \u00a0Sanskrit und setzt sich zusammen aus \u201eayus\u201c (Leben-Kombination von K\u00f6rper, Geist und Seele) und \u201eveda\u201c (Wissen<a class=\"moretag\" href=\"https:\/\/www.julianas-ayurveda.de\/?page_id=16\">Read More&#8230;<\/a><\/p>\n","protected":false},"author":1,"featured_media":0,"parent":0,"menu_order":0,"comment_status":"closed","ping_status":"closed","template":"","meta":{"footnotes":""},"aioseo_notices":[],"_links":{"self":[{"href":"https:\/\/www.julianas-ayurveda.de\/index.php?rest_route=\/wp\/v2\/pages\/16"}],"collection":[{"href":"https:\/\/www.julianas-ayurveda.de\/index.php?rest_route=\/wp\/v2\/pages"}],"about":[{"href":"https:\/\/www.julianas-ayurveda.de\/index.php?rest_route=\/wp\/v2\/types\/page"}],"author":[{"embeddable":true,"href":"https:\/\/www.julianas-ayurveda.de\/index.php?rest_route=\/wp\/v2\/users\/1"}],"replies":[{"embeddable":true,"href":"https:\/\/www.julianas-ayurveda.de\/index.php?rest_route=%2Fwp%2Fv2%2Fcomments&post=16"}],"version-history":[{"count":9,"href":"https:\/\/www.julianas-ayurveda.de\/index.php?rest_route=\/wp\/v2\/pages\/16\/revisions"}],"predecessor-version":[{"id":155,"href":"https:\/\/www.julianas-ayurveda.de\/index.php?rest_route=\/wp\/v2\/pages\/16\/revisions\/155"}],"wp:attachment":[{"href":"https:\/\/www.julianas-ayurveda.de\/index.php?rest_route=%2Fwp%2Fv2%2Fmedia&parent=16"}],"curies":[{"name":"wp","href":"https:\/\/api.w.org\/{rel}","templated":true}]}}