{"id":111,"date":"2015-11-04T14:38:05","date_gmt":"2015-11-04T12:38:05","guid":{"rendered":"http:\/\/www.julianas-ayurveda.de\/?page_id=111"},"modified":"2017-11-22T18:52:53","modified_gmt":"2017-11-22T16:52:53","slug":"ueber-mich","status":"publish","type":"page","link":"https:\/\/www.julianas-ayurveda.de\/?page_id=111","title":{"rendered":"\u00dcber mich"},"content":{"rendered":"<p>Ich bin Juliana Vaz, in Goa (Indien) geboren, aufgewachsen in Portugal und lebe seit 1972 in Freiburg. Nach meinem Schulabschluss habe ich zuerst eine Ausbildung zur Verk\u00e4uferin mit Erfolg abgeschlossen.<br \/>\nDanach \u00fcbte ich verschiedene T\u00e4tigkeiten aus, z.B. in der Gastronomie und im Verkauf. Au\u00dferdem war ich in der Pharmazie t\u00e4tig. Ab 1999 folgte ich dann meiner Profession und lernte bis zu meiner Selbst\u00e4ndigkeit, im Jahre 2008, die kosmetische Fachfu\u00dfpflege.\u00a0Seit Oktober 2008 bin ich nun selbst\u00e4ndig t\u00e4tig und biete in meiner Praxis in Freiburg kosmetische Fachfu\u00dfpflege und traditionelle ayurvedische Massagen an.<br \/>\nDie Kenntnisse f\u00fcr die Ayurveda-Massage wurden mir von Kindheit an von meiner Mutter (Inderin) beigebracht, die die ayurvedische Massage-Lehre hier in Deutschland schon in den 70er Jahren vermittelt hat. Nach dem Tod meiner Mutter, 1995, war es mein Ziel, die ayurvedische Massage-Lehre in ihrem Sinne und ihr zu Ehren zu bewahren und damit die Familien-Tradition weiterzuf\u00fchren. Nebenberuflich habe ich im Zeitraum von \u00fcber 5 Jahren weitere zus\u00e4tzliche Qualifikationen in der deutschen Ayurveda-Schule Freiburg erworben.<br \/>\nEs ist mir wichtig, die indischen Begriffe in die deutsche Sprache umzusetzen.<\/p>\n","protected":false},"excerpt":{"rendered":"<p>Ich bin Juliana Vaz, in Goa (Indien) geboren, aufgewachsen in Portugal und lebe seit 1972 in Freiburg. Nach meinem Schulabschluss habe ich zuerst eine Ausbildung zur Verk\u00e4uferin mit Erfolg abgeschlossen. Danach \u00fcbte<a class=\"moretag\" href=\"https:\/\/www.julianas-ayurveda.de\/?page_id=111\">Read More&#8230;<\/a><\/p>\n","protected":false},"author":1,"featured_media":202,"parent":0,"menu_order":0,"comment_status":"closed","ping_status":"closed","template":"","meta":{"footnotes":""},"aioseo_notices":[],"_links":{"self":[{"href":"https:\/\/www.julianas-ayurveda.de\/index.php?rest_route=\/wp\/v2\/pages\/111"}],"collection":[{"href":"https:\/\/www.julianas-ayurveda.de\/index.php?rest_route=\/wp\/v2\/pages"}],"about":[{"href":"https:\/\/www.julianas-ayurveda.de\/index.php?rest_route=\/wp\/v2\/types\/page"}],"author":[{"embeddable":true,"href":"https:\/\/www.julianas-ayurveda.de\/index.php?rest_route=\/wp\/v2\/users\/1"}],"replies":[{"embeddable":true,"href":"https:\/\/www.julianas-ayurveda.de\/index.php?rest_route=%2Fwp%2Fv2%2Fcomments&post=111"}],"version-history":[{"count":4,"href":"https:\/\/www.julianas-ayurveda.de\/index.php?rest_route=\/wp\/v2\/pages\/111\/revisions"}],"predecessor-version":[{"id":228,"href":"https:\/\/www.julianas-ayurveda.de\/index.php?rest_route=\/wp\/v2\/pages\/111\/revisions\/228"}],"wp:featuredmedia":[{"embeddable":true,"href":"https:\/\/www.julianas-ayurveda.de\/index.php?rest_route=\/wp\/v2\/media\/202"}],"wp:attachment":[{"href":"https:\/\/www.julianas-ayurveda.de\/index.php?rest_route=%2Fwp%2Fv2%2Fmedia&parent=111"}],"curies":[{"name":"wp","href":"https:\/\/api.w.org\/{rel}","templated":true}]}}